{"id":187,"date":"2023-05-23T19:29:50","date_gmt":"2023-05-23T19:29:50","guid":{"rendered":"https:\/\/die-schinzels.de\/index.php\/the-wedding\/"},"modified":"2024-09-04T08:26:34","modified_gmt":"2024-09-04T08:26:34","slug":"the-wedding","status":"publish","type":"page","link":"https:\/\/die-schinzels.de\/","title":{"rendered":"Die Hochzeit"},"content":{"rendered":"\t\t<div data-elementor-type=\"wp-page\" data-elementor-id=\"187\" class=\"elementor elementor-187\" data-elementor-post-type=\"page\">\n\t\t\t\t\t\t<section class=\"elementor-section elementor-top-section elementor-element elementor-element-46bd9935 elementor-section-height-min-height elementor-section-full_width elementor-section-items-stretch elementor-section-content-middle elementor-section-height-default\" data-id=\"46bd9935\" data-element_type=\"section\" data-e-type=\"section\" data-settings=\"{&quot;background_background&quot;:&quot;classic&quot;}\">\n\t\t\t\t\t\t<div class=\"elementor-container elementor-column-gap-default\">\n\t\t\t\t\t<div class=\"elementor-column elementor-col-100 elementor-top-column elementor-element elementor-element-a597202\" data-id=\"a597202\" data-element_type=\"column\" data-e-type=\"column\">\n\t\t\t<div class=\"elementor-widget-wrap elementor-element-populated\">\n\t\t\t\t\t\t<div class=\"elementor-element elementor-element-1e3a661 elementor-widget elementor-widget-heading\" data-id=\"1e3a661\" data-element_type=\"widget\" data-e-type=\"widget\" data-widget_type=\"heading.default\">\n\t\t\t\t<div class=\"elementor-widget-container\">\n\t\t\t\t\t<h1 class=\"elementor-heading-title elementor-size-default\">Vielen Dank, dass ihr gemeinsam mit uns gefeiert habt!<\/h1>\t\t\t\t<\/div>\n\t\t\t\t<\/div>\n\t\t\t\t<section class=\"elementor-section elementor-inner-section elementor-element elementor-element-5ad82a0 elementor-section-boxed elementor-section-height-default elementor-section-height-default\" data-id=\"5ad82a0\" data-element_type=\"section\" data-e-type=\"section\">\n\t\t\t\t\t\t<div class=\"elementor-container elementor-column-gap-default\">\n\t\t\t\t\t<div class=\"elementor-column elementor-col-100 elementor-inner-column elementor-element elementor-element-467012ed\" data-id=\"467012ed\" data-element_type=\"column\" data-e-type=\"column\">\n\t\t\t<div class=\"elementor-widget-wrap elementor-element-populated\">\n\t\t\t\t\t\t<div class=\"elementor-element elementor-element-4ac1521 elementor-widget elementor-widget-image\" data-id=\"4ac1521\" data-element_type=\"widget\" data-e-type=\"widget\" data-widget_type=\"image.default\">\n\t\t\t\t<div class=\"elementor-widget-container\">\n\t\t\t\t\t\t\t\t\t\t\t\t\t\t\t<img fetchpriority=\"high\" decoding=\"async\" width=\"800\" height=\"532\" src=\"https:\/\/die-schinzels.de\/wp-content\/uploads\/2023\/09\/wir3-1024x681.jpg\" class=\"attachment-large size-large wp-image-488\" alt=\"\" srcset=\"https:\/\/die-schinzels.de\/wp-content\/uploads\/2023\/09\/wir3-1024x681.jpg 1024w, https:\/\/die-schinzels.de\/wp-content\/uploads\/2023\/09\/wir3-300x200.jpg 300w, https:\/\/die-schinzels.de\/wp-content\/uploads\/2023\/09\/wir3-768x511.jpg 768w, https:\/\/die-schinzels.de\/wp-content\/uploads\/2023\/09\/wir3-1536x1022.jpg 1536w, https:\/\/die-schinzels.de\/wp-content\/uploads\/2023\/09\/wir3.jpg 2048w\" sizes=\"(max-width: 800px) 100vw, 800px\" \/>\t\t\t\t\t\t\t\t\t\t\t\t\t\t\t<\/div>\n\t\t\t\t<\/div>\n\t\t\t\t\t<\/div>\n\t\t<\/div>\n\t\t\t\t\t<\/div>\n\t\t<\/section>\n\t\t\t\t<div class=\"elementor-element elementor-element-1b646596 elementor-widget elementor-widget-heading\" data-id=\"1b646596\" data-element_type=\"widget\" data-e-type=\"widget\" data-widget_type=\"heading.default\">\n\t\t\t\t<div class=\"elementor-widget-container\">\n\t\t\t\t\t<h4 class=\"elementor-heading-title elementor-size-default\">27. Juli 2024 |  Hofgut von H\u00fcnersdorff, W\u00f6rth am Main<\/h4>\t\t\t\t<\/div>\n\t\t\t\t<\/div>\n\t\t\t\t<div class=\"elementor-element elementor-element-5e7687f0 animated-slow elementor-view-default elementor-invisible elementor-widget elementor-widget-icon\" data-id=\"5e7687f0\" data-element_type=\"widget\" data-e-type=\"widget\" data-settings=\"{&quot;_animation&quot;:&quot;fadeInDown&quot;}\" data-widget_type=\"icon.default\">\n\t\t\t\t<div class=\"elementor-widget-container\">\n\t\t\t\t\t\t\t<div class=\"elementor-icon-wrapper\">\n\t\t\t<div class=\"elementor-icon\">\n\t\t\t<svg xmlns=\"http:\/\/www.w3.org\/2000\/svg\" id=\"f56789f2-70c6-4f3c-a13b-44853bb2ff74\" data-name=\"Layer 1\" width=\"18.4927\" height=\"35.4971\" viewBox=\"0 0 18.4927 35.4971\"><polygon points=\"18.01 27.023 9.626 34.077 9.626 0 8.876 0 8.876 34.283 0.503 26.722 0 27.278 9.103 35.497 18.493 27.598 18.01 27.023\"><\/polygon><\/svg>\t\t\t<\/div>\n\t\t<\/div>\n\t\t\t\t\t\t<\/div>\n\t\t\t\t<\/div>\n\t\t\t\t<div class=\"elementor-element elementor-element-547aa9c7 elementor-view-default elementor-widget elementor-widget-icon\" data-id=\"547aa9c7\" data-element_type=\"widget\" data-e-type=\"widget\" data-widget_type=\"icon.default\">\n\t\t\t\t<div class=\"elementor-widget-container\">\n\t\t\t\t\t\t\t<div class=\"elementor-icon-wrapper\">\n\t\t\t<a class=\"elementor-icon\" href=\"#section_two\">\n\t\t\t<svg xmlns=\"http:\/\/www.w3.org\/2000\/svg\" id=\"fee8f1e1-76ec-462c-9046-3aab7ceeebfb\" data-name=\"Layer 1\" width=\"84.75\" height=\"83.75\" viewBox=\"0 0 84.75 83.75\"><path d=\"M28.2559,43.8242A14.7525,14.7525,0,0,0,26.64,43.44a12.6637,12.6637,0,0,1-1.28-.28,1.9267,1.9267,0,0,1-.7759-.4239.9962.9962,0,0,1-.312-.7685,1.1755,1.1755,0,0,1,.5522-1.0078,2.8746,2.8746,0,0,1,1.64-.3838,4.2512,4.2512,0,0,1,2.48.72l.4961-.9121a4.4862,4.4862,0,0,0-1.3437-.5674A6.3366,6.3366,0,0,0,26.4639,39.6a3.9483,3.9483,0,0,0-2.4478.6729A2.0784,2.0784,0,0,0,23.1362,42a1.8915,1.8915,0,0,0,.44,1.3281,2.4109,2.4109,0,0,0,1.0639.68,14.0015,14.0015,0,0,0,1.648.3926,10.8639,10.8639,0,0,1,1.2319.2637,2.0129,2.0129,0,0,1,.7681.4.9117.9117,0,0,1,.3037.7275,1.1432,1.1432,0,0,1-.5518,1.0156,3.1748,3.1748,0,0,1-1.7041.36,5.2821,5.2821,0,0,1-1.664-.2637,4.28,4.28,0,0,1-1.3277-.6807l-.5122.8965a4.2135,4.2135,0,0,0,1.4639.7442,6.4654,6.4654,0,0,0,1.96.2959,4.37,4.37,0,0,0,2.5522-.6485,2.0346,2.0346,0,0,0,.92-1.7519,1.8033,1.8033,0,0,0-.4321-1.2793A2.3727,2.3727,0,0,0,28.2559,43.8242Z\" transform=\"translate(-0.625 -0.625)\"><\/path><path d=\"M33.6724,41a3.3,3.3,0,0,1,1.64-.4082,3.1344,3.1344,0,0,1,1.3921.3125A2.6519,2.6519,0,0,1,37.76,41.84l.8481-.5761a3.228,3.228,0,0,0-1.3521-1.2393A4.316,4.316,0,0,0,35.312,39.6a4.53,4.53,0,0,0-2.2319.5449,3.9547,3.9547,0,0,0-1.544,1.52,4.354,4.354,0,0,0-.56,2.208,4.3987,4.3987,0,0,0,.56,2.2158,3.938,3.938,0,0,0,1.544,1.5283,4.5408,4.5408,0,0,0,2.2319.544,4.3386,4.3386,0,0,0,1.936-.4239,3.2243,3.2243,0,0,0,1.36-1.24L37.76,45.92a2.5894,2.5894,0,0,1-1.0562.9278,3.1971,3.1971,0,0,1-1.3921.3046,3.3,3.3,0,0,1-1.64-.4082,2.88,2.88,0,0,1-1.1363-1.1523,3.8143,3.8143,0,0,1,0-3.4316A2.87,2.87,0,0,1,33.6724,41Z\" transform=\"translate(-0.625 -0.625)\"><\/path><path d=\"M41.92,41.3125V39.6641H40.832V48.08h1.1363V43.792a3.2505,3.2505,0,0,1,.7519-2.2881,2.6867,2.6867,0,0,1,2.08-.8154l.2725.0156V39.6a4.05,4.05,0,0,0-1.96.4326A2.7541,2.7541,0,0,0,41.92,41.3125Z\" transform=\"translate(-0.625 -0.625)\"><\/path><path d=\"M52.6719,40.1445a4.681,4.681,0,0,0-4.3838,0,3.96,3.96,0,0,0-1.5361,1.52,4.6286,4.6286,0,0,0,0,4.416,4.0225,4.0225,0,0,0,1.5361,1.5283,4.6293,4.6293,0,0,0,4.3838,0A3.9765,3.9765,0,0,0,54.2,46.08a4.6935,4.6935,0,0,0,0-4.416A3.9149,3.9149,0,0,0,52.6719,40.1445Zm.5283,5.44a2.8444,2.8444,0,0,1-1.1123,1.16,3.3709,3.3709,0,0,1-3.2158,0,2.8935,2.8935,0,0,1-1.12-1.16,3.7938,3.7938,0,0,1,0-3.4238,2.9,2.9,0,0,1,1.12-1.16,3.3709,3.3709,0,0,1,3.2158,0A2.8508,2.8508,0,0,1,53.2,42.16a3.8685,3.8685,0,0,1,0,3.4238Z\" transform=\"translate(-0.625 -0.625)\"><\/path><rect x=\"56.4473\" y=\"35.583\" width=\"1.1357\" height=\"11.8721\"><\/rect><rect x=\"60.751\" y=\"35.583\" width=\"1.1357\" height=\"11.8721\"><\/rect><path d=\"M43,.625C19.6343.625.625,19.41.625,42.5S19.6343,84.375,43,84.375,85.375,65.59,85.375,42.5,66.3652.625,43,.625Zm0,83C20.0479,83.625,1.375,65.1768,1.375,42.5S20.0479,1.375,43,1.375,84.625,19.8237,84.625,42.5,65.9521,83.625,43,83.625Z\" transform=\"translate(-0.625 -0.625)\"><\/path><\/svg>\t\t\t<\/a>\n\t\t<\/div>\n\t\t\t\t\t\t<\/div>\n\t\t\t\t<\/div>\n\t\t\t\t\t<\/div>\n\t\t<\/div>\n\t\t\t\t\t<\/div>\n\t\t<\/section>\n\t\t\t\t<section class=\"elementor-section elementor-top-section elementor-element elementor-element-554cc97a elementor-section-full_width elementor-section-height-min-height elementor-section-items-stretch elementor-section-content-middle elementor-section-height-default\" data-id=\"554cc97a\" data-element_type=\"section\" data-e-type=\"section\" id=\"section_two\">\n\t\t\t\t\t\t<div class=\"elementor-container elementor-column-gap-default\">\n\t\t\t\t\t<div class=\"elementor-column elementor-col-100 elementor-top-column elementor-element elementor-element-14bb98a5\" data-id=\"14bb98a5\" data-element_type=\"column\" data-e-type=\"column\">\n\t\t\t<div class=\"elementor-widget-wrap elementor-element-populated\">\n\t\t\t\t\t\t<section class=\"elementor-section elementor-inner-section elementor-element elementor-element-2879bf3 elementor-section-boxed elementor-section-height-default elementor-section-height-default\" data-id=\"2879bf3\" data-element_type=\"section\" data-e-type=\"section\">\n\t\t\t\t\t\t<div class=\"elementor-container elementor-column-gap-default\">\n\t\t\t\t\t<div class=\"elementor-column elementor-col-100 elementor-inner-column elementor-element elementor-element-71719b05\" data-id=\"71719b05\" data-element_type=\"column\" data-e-type=\"column\">\n\t\t\t<div class=\"elementor-widget-wrap elementor-element-populated\">\n\t\t\t\t\t\t<div class=\"elementor-element elementor-element-557717e3 elementor-widget elementor-widget-text-editor\" data-id=\"557717e3\" data-element_type=\"widget\" data-e-type=\"widget\" data-widget_type=\"text-editor.default\">\n\t\t\t\t<div class=\"elementor-widget-container\">\n\t\t\t\t\t\t\t\t\t<p>Vielen lieben Dank euch allen, dass ihr diesen besonderen Tag so wundersch\u00f6n f\u00fcr uns werden lassen habt!<\/p>\n<p>Unter folgenden Links findet ihr die Bilder des Tages:<br><br><br>https:\/\/emotionalperspective.pic-time.com\/-jessicamichael\/gallery<\/p><p><br>app.everlense.de\/event\/3TEBCJ85uO8tPY6wuf9Mm2tpe<br><\/p><p><br><\/p>\t\t\t\t\t\t\t\t<\/div>\n\t\t\t\t<\/div>\n\t\t\t\t<div class=\"elementor-element elementor-element-3ceda8bb elementor-widget-divider--view-line elementor-widget elementor-widget-divider\" data-id=\"3ceda8bb\" data-element_type=\"widget\" data-e-type=\"widget\" data-widget_type=\"divider.default\">\n\t\t\t\t<div class=\"elementor-widget-container\">\n\t\t\t\t\t\t\t<div class=\"elementor-divider\">\n\t\t\t<span class=\"elementor-divider-separator\">\n\t\t\t\t\t\t<\/span>\n\t\t<\/div>\n\t\t\t\t\t\t<\/div>\n\t\t\t\t<\/div>\n\t\t\t\t\t<\/div>\n\t\t<\/div>\n\t\t\t\t\t<\/div>\n\t\t<\/section>\n\t\t\t\t<div class=\"elementor-element elementor-element-5f7c9169 elementor-widget elementor-widget-heading\" data-id=\"5f7c9169\" data-element_type=\"widget\" data-e-type=\"widget\" data-widget_type=\"heading.default\">\n\t\t\t\t<div class=\"elementor-widget-container\">\n\t\t\t\t\t<h3 class=\"elementor-heading-title elementor-size-default\">Michael &amp; Jessica<\/h3>\t\t\t\t<\/div>\n\t\t\t\t<\/div>\n\t\t\t\t\t<\/div>\n\t\t<\/div>\n\t\t\t\t\t<\/div>\n\t\t<\/section>\n\t\t\t\t<\/div>\n\t\t","protected":false},"excerpt":{"rendered":"<p>Vielen Dank, dass ihr gemeinsam mit uns gefeiert habt! 27. Juli 2024 | Hofgut von H\u00fcnersdorff, W\u00f6rth am Main Vielen lieben Dank euch allen, dass ihr diesen besonderen Tag so wundersch\u00f6n f\u00fcr uns werden lassen habt! Unter folgenden Links findet ihr die Bilder des Tages: https:\/\/emotionalperspective.pic-time.com\/-jessicamichael\/gallery app.everlense.de\/event\/3TEBCJ85uO8tPY6wuf9Mm2tpe Michael &amp; Jessica<\/p>\n","protected":false},"author":1,"featured_media":203,"parent":0,"menu_order":0,"comment_status":"closed","ping_status":"closed","template":"elementor_theme","meta":{"footnotes":""},"class_list":["post-187","page","type-page","status-publish","has-post-thumbnail","hentry"],"_links":{"self":[{"href":"https:\/\/die-schinzels.de\/index.php\/wp-json\/wp\/v2\/pages\/187","targetHints":{"allow":["GET"]}}],"collection":[{"href":"https:\/\/die-schinzels.de\/index.php\/wp-json\/wp\/v2\/pages"}],"about":[{"href":"https:\/\/die-schinzels.de\/index.php\/wp-json\/wp\/v2\/types\/page"}],"author":[{"embeddable":true,"href":"https:\/\/die-schinzels.de\/index.php\/wp-json\/wp\/v2\/users\/1"}],"replies":[{"embeddable":true,"href":"https:\/\/die-schinzels.de\/index.php\/wp-json\/wp\/v2\/comments?post=187"}],"version-history":[{"count":114,"href":"https:\/\/die-schinzels.de\/index.php\/wp-json\/wp\/v2\/pages\/187\/revisions"}],"predecessor-version":[{"id":1108,"href":"https:\/\/die-schinzels.de\/index.php\/wp-json\/wp\/v2\/pages\/187\/revisions\/1108"}],"wp:featuredmedia":[{"embeddable":true,"href":"https:\/\/die-schinzels.de\/index.php\/wp-json\/wp\/v2\/media\/203"}],"wp:attachment":[{"href":"https:\/\/die-schinzels.de\/index.php\/wp-json\/wp\/v2\/media?parent=187"}],"curies":[{"name":"wp","href":"https:\/\/api.w.org\/{rel}","templated":true}]}}